{"id":119,"date":"2017-04-18T12:55:02","date_gmt":"2017-04-18T15:55:02","guid":{"rendered":"http:\/\/precisaoagrimensura.com.br\/index\/?page_id=119"},"modified":"2017-06-19T13:50:55","modified_gmt":"2017-06-19T16:50:55","slug":"corpo-tecnico","status":"publish","type":"page","link":"https:\/\/precisaoagrimensura.com.br\/index\/corpo-tecnico\/","title":{"rendered":"Corpo t\u00e9cnico"},"content":{"rendered":"<h4><span class=\"p2\"><img loading=\"lazy\" decoding=\"async\" class=\"size-full wp-image-200 alignleft\" src=\"http:\/\/precisaoagrimensura.com.br\/index\/wp-content\/uploads\/2017\/04\/team-icon-14.png\" alt=\"\" width=\"465\" height=\"300\" srcset=\"https:\/\/precisaoagrimensura.com.br\/index\/wp-content\/uploads\/2017\/04\/team-icon-14.png 465w, https:\/\/precisaoagrimensura.com.br\/index\/wp-content\/uploads\/2017\/04\/team-icon-14-300x194.png 300w, https:\/\/precisaoagrimensura.com.br\/index\/wp-content\/uploads\/2017\/04\/team-icon-14-226x146.png 226w, https:\/\/precisaoagrimensura.com.br\/index\/wp-content\/uploads\/2017\/04\/team-icon-14-50x32.png 50w, https:\/\/precisaoagrimensura.com.br\/index\/wp-content\/uploads\/2017\/04\/team-icon-14-116x75.png 116w\" sizes=\"(max-width: 465px) 100vw, 465px\" \/>A <strong>PRECIS\u00c3O TOPOGRAFIA E AGRIMENSURA<\/strong><\/span> conta com pessoas de excelente forma\u00e7\u00e3o profissional, qualificadas e capacitadas para atender \u00e0s necessidades dos clientes:<\/h4>\n<h4>&#8211; Diretor Propriet\u00e1rio<br \/>\n&#8211; T\u00e9cnico Agrimensor<br \/>\n&#8211; Top\u00f3grafos<br \/>\n&#8211; Desenhista<br \/>\n&#8211; Assistente Administrativo<br \/>\n&#8211; Estagi\u00e1rios em Agrimensura<\/h4>\n<h4>Preparados para a amplia\u00e7\u00e3o do quadro de funcion\u00e1rios, buscam novos profissionais via internet, an\u00fancios atrav\u00e9s de jornais, e outros.<\/h4>\n","protected":false},"excerpt":{"rendered":"<p>A PRECIS\u00c3O TOPOGRAFIA E AGRIMENSURA conta com pessoas de excelente forma\u00e7\u00e3o profissional, qualificadas e capacitadas para atender \u00e0s necessidades dos clientes: &#8211; Diretor Propriet\u00e1rio &#8211; T\u00e9cnico<span class=\"excerpt-hellip\"> [\u2026]<\/span><\/p>\n","protected":false},"author":1,"featured_media":71,"parent":0,"menu_order":0,"comment_status":"closed","ping_status":"closed","template":"","meta":{"footnotes":""},"_links":{"self":[{"href":"https:\/\/precisaoagrimensura.com.br\/index\/wp-json\/wp\/v2\/pages\/119"}],"collection":[{"href":"https:\/\/precisaoagrimensura.com.br\/index\/wp-json\/wp\/v2\/pages"}],"about":[{"href":"https:\/\/precisaoagrimensura.com.br\/index\/wp-json\/wp\/v2\/types\/page"}],"author":[{"embeddable":true,"href":"https:\/\/precisaoagrimensura.com.br\/index\/wp-json\/wp\/v2\/users\/1"}],"replies":[{"embeddable":true,"href":"https:\/\/precisaoagrimensura.com.br\/index\/wp-json\/wp\/v2\/comments?post=119"}],"version-history":[{"count":2,"href":"https:\/\/precisaoagrimensura.com.br\/index\/wp-json\/wp\/v2\/pages\/119\/revisions"}],"predecessor-version":[{"id":201,"href":"https:\/\/precisaoagrimensura.com.br\/index\/wp-json\/wp\/v2\/pages\/119\/revisions\/201"}],"wp:featuredmedia":[{"embeddable":true,"href":"https:\/\/precisaoagrimensura.com.br\/index\/wp-json\/wp\/v2\/media\/71"}],"wp:attachment":[{"href":"https:\/\/precisaoagrimensura.com.br\/index\/wp-json\/wp\/v2\/media?parent=119"}],"curies":[{"name":"wp","href":"https:\/\/api.w.org\/{rel}","templated":true}]}}