{"id":164,"date":"2017-06-16T10:56:55","date_gmt":"2017-06-16T13:56:55","guid":{"rendered":"http:\/\/precisaoagrimensura.com.br\/index\/?page_id=164"},"modified":"2017-06-19T13:34:36","modified_gmt":"2017-06-19T16:34:36","slug":"historia-da-topografia","status":"publish","type":"page","link":"https:\/\/precisaoagrimensura.com.br\/index\/historia-da-topografia\/","title":{"rendered":"Hist\u00f3ria da topografia"},"content":{"rendered":"<h3><strong><img loading=\"lazy\" decoding=\"async\" class=\"size-full wp-image-180 alignleft\" src=\"http:\/\/precisaoagrimensura.com.br\/index\/wp-content\/uploads\/2017\/06\/\u00edndice33.jpg\" alt=\"\" width=\"422\" height=\"422\" srcset=\"https:\/\/precisaoagrimensura.com.br\/index\/wp-content\/uploads\/2017\/06\/\u00edndice33.jpg 422w, https:\/\/precisaoagrimensura.com.br\/index\/wp-content\/uploads\/2017\/06\/\u00edndice33-150x150.jpg 150w, https:\/\/precisaoagrimensura.com.br\/index\/wp-content\/uploads\/2017\/06\/\u00edndice33-300x300.jpg 300w, https:\/\/precisaoagrimensura.com.br\/index\/wp-content\/uploads\/2017\/06\/\u00edndice33-146x146.jpg 146w, https:\/\/precisaoagrimensura.com.br\/index\/wp-content\/uploads\/2017\/06\/\u00edndice33-50x50.jpg 50w, https:\/\/precisaoagrimensura.com.br\/index\/wp-content\/uploads\/2017\/06\/\u00edndice33-75x75.jpg 75w, https:\/\/precisaoagrimensura.com.br\/index\/wp-content\/uploads\/2017\/06\/\u00edndice33-85x85.jpg 85w, https:\/\/precisaoagrimensura.com.br\/index\/wp-content\/uploads\/2017\/06\/\u00edndice33-80x80.jpg 80w\" sizes=\"(max-width: 422px) 100vw, 422px\" \/>Hist\u00f3ria da Topografia<\/strong><\/h3>\n<h4><span style=\"color: #333333;\">OS EG\u00cdPCIOS os chamavam de &#8220;esticadores de cordas&#8221;. Quem eram estes homens? Eles pertenciam a uma antiga guilda respons\u00e1vel por marcar novamente os terrenos ap\u00f3s as enchentes anuais do Nilo, para fins de tributa\u00e7\u00e3o. Foram os precursores dos atuais top\u00f3grafos.<\/span><\/h4>\n<h4><span style=\"color: #333333;\">&#8216;O que \u00e9, exatamente, um levantamento topogr\u00e1fico?&#8217;<\/span><\/h4>\n<h4><span style=\"color: #333333;\">O levantamento topogr\u00e1fico abrange duas opera\u00e7\u00f5es principais. S\u00e3o elas: &#8220;(1) fazer a medi\u00e7\u00e3o do que j\u00e1 existe, registrar sua localiza\u00e7\u00e3o e usar os dados para elaborar um mapa ou descri\u00e7\u00e3o; ou a opera\u00e7\u00e3o inversa, que consiste em (2) estabelecer marcos topogr\u00e1ficos para poder marcar limites ou us\u00e1-los como base para a constru\u00e7\u00e3o. A topografia determina ou marca a posi\u00e7\u00e3o de pontos que ficam na superf\u00edcie, abaixo da superf\u00edcie ou acima dela.&#8221; \u2014 Science and Technology Illustrated (Ci\u00eancia e Tecnologia Ilustrada).<\/span><\/h4>\n<h4><span style=\"color: #333333;\">Pelo visto, o primeiro terreno cujos limites foram demarcados foi o jardim do \u00c9den. A B\u00edblia tamb\u00e9m indica que havia top\u00f3grafos em Israel que definiam limites e t\u00edtulos de propriedade. Prov\u00e9rbios 22:28 diz: &#8220;N\u00e3o recues algum termo existente h\u00e1 muito tempo, feito pelos teus antepassados.&#8221; Os romanos at\u00e9 mesmo tinham um Deus chamado T\u00e9rmino, ou Termo, protetor das fronteiras e marcos divis\u00f3rios, e que era representado sob a forma de um bloco de pedra.<\/span><\/h4>\n<h4><span style=\"color: #333333;\">Os aquedutos e as estradas romanas, muitos ainda em exist\u00eancia, d\u00e3o testemunho das fa\u00e7anhas dos antigos romanos na \u00e1rea da topografia. Com instrumentos primitivos, os primeiros top\u00f3grafos obtiveram resultados impressionantes. Por volta de 200 AEC, o astr\u00f4nomo, matem\u00e1tico e ge\u00f3grafo grego Erast\u00f3stenes calculou a circunfer\u00eancia da Terra.<\/span><br \/>\n<span style=\"color: #333333;\"> Por volta de 62 EC, Heron de Alexandria, no livro Dioptra, demonstrou a aplica\u00e7\u00e3o da ci\u00eancia da geometria \u2014 que significa, literalmente, &#8220;medida da terra&#8221; \u2014 \u00e0 topografia. E entre 140 e 160 EC, Cl\u00e1udio Ptolomeu, seguindo o m\u00e9todo estabelecido por Hiparco, alistou uns 8.000 lugares no mundo ent\u00e3o conhecido, com as respectivas latitudes e longitudes.<\/span><\/h4>\n<h4><span style=\"color: #333333;\">No s\u00e9culo 18, a fam\u00edlia Cassini realizou, num per\u00edodo de quatro gera\u00e7\u00f5es, o primeiro levantamento topogr\u00e1fico nacional de cunho cient\u00edfico na Fran\u00e7a, produzindo La Carte de Cassini. O livro The Shape of the World (O Formato do Mundo) explica que &#8220;a Fran\u00e7a foi pioneira no campo da cartografia cient\u00edfica; seguida pela Gr\u00e3-Bretanha, \u00c1ustria e Alemanha. No restante da Europa, levantamentos topogr\u00e1ficos nacionais se tornaram comuns nas primeiras d\u00e9cadas do s\u00e9culo dezenove&#8221;. Fora da Europa, realizou-se em 1817 o Grande Levantamento Trigonom\u00e9trico da \u00cdndia, a fim de concluir a cartografia desse pa\u00eds. O trabalho foi conduzido por George Everest, a quem se homenageou rebatizando o monte mais alto do mundo com seu nome.<\/span><\/h4>\n<h4><span style=\"color: #333333;\">Os primeiros top\u00f3grafos trabalhavam em condi\u00e7\u00f5es muito prec\u00e1rias. Os anais conhecidos como Historical Records of the Survey of India (Registros Hist\u00f3ricos do Levantamento Topogr\u00e1fico da \u00cdndia) at\u00e9 1861 revelam que a equipe de top\u00f3grafos era assolada por doen\u00e7as tropicais e, segundo consta, apenas<\/span><br \/>\n<span style=\"color: #333333;\"> 1 em cada 70 retornava \u00e0 Inglaterra. Outros top\u00f3grafos estavam sujeitos a ataques de animais selvagens ou passavam fome. Mesmo assim, muitos eram atra\u00eddos pelo trabalho de campo e a relativa independ\u00eancia proporcionada por esse trabalho.<\/span><\/h4>\n<h4><span style=\"color: #333333;\">Certo grupo de indianos conhecidos como pundits ficou famoso por seu not\u00e1vel trabalho no Nepal e no Tibete. Uma vez que decretos e tratados haviam proibido estrangeiros de entrar nesses pa\u00edses, eles se disfar\u00e7aram de lamas (ou sacerdotes) budistas para conseguir entrar. Em prepara\u00e7\u00e3o para o seu trabalho clandestino, cada um deles havia treinado dar precisamente 2.000 passos para cada milha (1,6 quil\u00f4metro). Usavam um ros\u00e1rio de cem contas para contar os passos e medir a dist\u00e2ncia.<\/span><\/h4>\n<h4><span style=\"color: #333333;\">Personalidades como Washington, Jefferson e Lincoln, que foram presidentes dos Estados Unidos, tamb\u00e9m trabalharam com topografia. Alguns chegam a dizer que o sucesso pol\u00edtico de Lincoln se deveu, em parte, ao seu trabalho como top\u00f3grafo, que o levara a ter um contato mais de perto com o povo.<\/span><\/h4>\n<h4><span style=\"color: #333333;\">O levantamento topogr\u00e1fico que costumamos ver hoje em dia se subdivide em tr\u00eas categorias. A primeira \u00e9 o levantamento cadastral para fins legais, que tem a ver com a delimita\u00e7\u00e3o legal do terreno. Quando \u00e9 necess\u00e1rio lotear um terreno ou quando o governo decide definir o trajeto de novas ruas, estradas ou rodovias, os top\u00f3grafos est\u00e3o a postos para fazer o loteamento e elaborar projetos com valor legal.<\/span><\/h4>\n<h4><span style=\"color: #333333;\">Outro tipo de levantamento \u00e9 o planialtim\u00e9trico. Envolve medir o tamanho, o formato e a inclina\u00e7\u00e3o de um terreno bem como determinar com precis\u00e3o a localiza\u00e7\u00e3o de estradas, muros, \u00e1rvores, pr\u00e9dios existentes no local, instala\u00e7\u00f5es de \u00e1gua e luz, e assim por diante. Engenheiros civis, arquitetos, engenheiros estruturais e outros profissionais precisam saber a localiza\u00e7\u00e3o exata desses pontos, no terreno e nas proximidades, a fim de poder realizar seu trabalho. Essas informa\u00e7\u00f5es lhes permitem desenvolver seus projetos concordemente e, em alguns casos, incorporar esses aspectos nas plantas.<\/span><\/h4>\n<h4><span style=\"color: #333333;\">Mesmo que desenhos, plantas, aprova\u00e7\u00f5es e assim por diante estejam prontos para se iniciar uma obra, ainda h\u00e1 a quest\u00e3o de exatamente onde cada coisa deve ficar. Nesse est\u00e1gio em geral se avista o terceiro tipo de profissional em a\u00e7\u00e3o \u2014 o top\u00f3grafo para atividades de constru\u00e7\u00e3o. Ele fornece todos os pontos importantes, linhas e marcadores de eleva\u00e7\u00e3o para os trabalhadores na constru\u00e7\u00e3o, a fim de assegurar que todas as instala\u00e7\u00f5es, estradas e outros itens estejam localizados exatamente conforme indicados nas plantas.<\/span><\/h4>\n","protected":false},"excerpt":{"rendered":"<p>Hist\u00f3ria da Topografia OS EG\u00cdPCIOS os chamavam de &#8220;esticadores de cordas&#8221;. Quem eram estes homens? Eles pertenciam a uma antiga guilda respons\u00e1vel por marcar novamente os<span class=\"excerpt-hellip\"> [\u2026]<\/span><\/p>\n","protected":false},"author":1,"featured_media":179,"parent":0,"menu_order":0,"comment_status":"closed","ping_status":"closed","template":"","meta":{"footnotes":""},"_links":{"self":[{"href":"https:\/\/precisaoagrimensura.com.br\/index\/wp-json\/wp\/v2\/pages\/164"}],"collection":[{"href":"https:\/\/precisaoagrimensura.com.br\/index\/wp-json\/wp\/v2\/pages"}],"about":[{"href":"https:\/\/precisaoagrimensura.com.br\/index\/wp-json\/wp\/v2\/types\/page"}],"author":[{"embeddable":true,"href":"https:\/\/precisaoagrimensura.com.br\/index\/wp-json\/wp\/v2\/users\/1"}],"replies":[{"embeddable":true,"href":"https:\/\/precisaoagrimensura.com.br\/index\/wp-json\/wp\/v2\/comments?post=164"}],"version-history":[{"count":6,"href":"https:\/\/precisaoagrimensura.com.br\/index\/wp-json\/wp\/v2\/pages\/164\/revisions"}],"predecessor-version":[{"id":196,"href":"https:\/\/precisaoagrimensura.com.br\/index\/wp-json\/wp\/v2\/pages\/164\/revisions\/196"}],"wp:featuredmedia":[{"embeddable":true,"href":"https:\/\/precisaoagrimensura.com.br\/index\/wp-json\/wp\/v2\/media\/179"}],"wp:attachment":[{"href":"https:\/\/precisaoagrimensura.com.br\/index\/wp-json\/wp\/v2\/media?parent=164"}],"curies":[{"name":"wp","href":"https:\/\/api.w.org\/{rel}","templated":true}]}}