{"id":174,"date":"2017-06-16T14:08:27","date_gmt":"2017-06-16T17:08:27","guid":{"rendered":"http:\/\/precisaoagrimensura.com.br\/index\/?page_id=174"},"modified":"2017-06-19T13:40:14","modified_gmt":"2017-06-19T16:40:14","slug":"servicos-2","status":"publish","type":"page","link":"https:\/\/precisaoagrimensura.com.br\/index\/servicos-2\/","title":{"rendered":"Servi\u00e7os"},"content":{"rendered":"<div align=\"justify\">\n<h3><strong><img loading=\"lazy\" decoding=\"async\" class=\"size-full wp-image-182 alignleft\" src=\"http:\/\/precisaoagrimensura.com.br\/index\/wp-content\/uploads\/2017\/06\/\u00edndio.png\" alt=\"\" width=\"422\" height=\"422\" srcset=\"https:\/\/precisaoagrimensura.com.br\/index\/wp-content\/uploads\/2017\/06\/\u00edndio.png 422w, https:\/\/precisaoagrimensura.com.br\/index\/wp-content\/uploads\/2017\/06\/\u00edndio-150x150.png 150w, https:\/\/precisaoagrimensura.com.br\/index\/wp-content\/uploads\/2017\/06\/\u00edndio-300x300.png 300w, https:\/\/precisaoagrimensura.com.br\/index\/wp-content\/uploads\/2017\/06\/\u00edndio-146x146.png 146w, https:\/\/precisaoagrimensura.com.br\/index\/wp-content\/uploads\/2017\/06\/\u00edndio-50x50.png 50w, https:\/\/precisaoagrimensura.com.br\/index\/wp-content\/uploads\/2017\/06\/\u00edndio-75x75.png 75w, https:\/\/precisaoagrimensura.com.br\/index\/wp-content\/uploads\/2017\/06\/\u00edndio-85x85.png 85w, https:\/\/precisaoagrimensura.com.br\/index\/wp-content\/uploads\/2017\/06\/\u00edndio-80x80.png 80w\" sizes=\"(max-width: 422px) 100vw, 422px\" \/>Nossas \u00e1reas de atua\u00e7\u00e3o<\/strong>:<\/h3>\n<h4><span style=\"color: #333333;\">&#8211; Cadastro Arquitet\u00f4nico;<\/span><br \/>\n<span style=\"color: #333333;\"> &#8211; Montagens industriais;<\/span><br \/>\n<span style=\"color: #333333;\"> &#8211; Aterro sanit\u00e1rio;<\/span><br \/>\n<span style=\"color: #333333;\"> &#8211; Loteamento;<\/span><br \/>\n<span style=\"color: #333333;\"> &#8211; Levantamento para Retifica\u00e7\u00e3o de Area Administrativa;<\/span><br \/>\n<span style=\"color: #333333;\"> &#8211; Estradas;<\/span><br \/>\n<span style=\"color: #333333;\"> &#8211; Fiscaliza\u00e7\u00f5es e loca\u00e7\u00e3o de obras;<\/span><br \/>\n<span style=\"color: #333333;\"> &#8211; Georreferenciamento de Im\u00f3veis Rurais.<\/span><\/h4>\n<h4><span style=\"color: #333333;\"><strong>Sistema TopoGRAPH \u2013<\/strong> Para processamento de levantamento topogr\u00e1fico, desenhos, curvas de n\u00edvel, c\u00e1lculo de volumes, projetos vi\u00e1rios e c\u00e1lculos geod\u00e9sicos para georreferenciamento de im\u00f3veis rurais.<\/span><\/h4>\n<h4><span style=\"color: #333333;\"><strong>Projetos:<br \/>\n<\/strong>A <strong>PRECIS\u00c3O TOPOGRAFIA E AGRIMENSURA<\/strong> vem destacando-se pelo comprometimento com seus clientes, pesquisando, criando, especializando-se e procurando ter o m\u00e1ximo de efici\u00eancia em seus projetos.<\/span><\/h4>\n<h4><span style=\"color: #333333;\"><strong>Especializada:<br \/>\n<\/strong>NBR 13.133 \u2013 Execu\u00e7\u00e3o de levantamento topogr\u00e1fico<\/span><\/h4>\n<h4><span style=\"color: #333333;\">Executados com Estac\u00e3o Total GPT 310 e GTS 102N, com prumo laser, precis\u00e3o angular 5\u201d, com coletor interno de capacidade de 8.000 pontos, juntamente com acess\u00f3rios e softwares espec\u00edficos. Entrega na Extens\u00e3o DWG.<\/span><\/h4>\n<\/div>\n","protected":false},"excerpt":{"rendered":"<p>Nossas \u00e1reas de atua\u00e7\u00e3o: &#8211; Cadastro Arquitet\u00f4nico; &#8211; Montagens industriais; &#8211; Aterro sanit\u00e1rio; &#8211; Loteamento; &#8211; Levantamento para Retifica\u00e7\u00e3o de Area Administrativa; &#8211; Estradas; &#8211; Fiscaliza\u00e7\u00f5es<span class=\"excerpt-hellip\"> [\u2026]<\/span><\/p>\n","protected":false},"author":1,"featured_media":77,"parent":0,"menu_order":0,"comment_status":"closed","ping_status":"closed","template":"","meta":{"footnotes":""},"_links":{"self":[{"href":"https:\/\/precisaoagrimensura.com.br\/index\/wp-json\/wp\/v2\/pages\/174"}],"collection":[{"href":"https:\/\/precisaoagrimensura.com.br\/index\/wp-json\/wp\/v2\/pages"}],"about":[{"href":"https:\/\/precisaoagrimensura.com.br\/index\/wp-json\/wp\/v2\/types\/page"}],"author":[{"embeddable":true,"href":"https:\/\/precisaoagrimensura.com.br\/index\/wp-json\/wp\/v2\/users\/1"}],"replies":[{"embeddable":true,"href":"https:\/\/precisaoagrimensura.com.br\/index\/wp-json\/wp\/v2\/comments?post=174"}],"version-history":[{"count":4,"href":"https:\/\/precisaoagrimensura.com.br\/index\/wp-json\/wp\/v2\/pages\/174\/revisions"}],"predecessor-version":[{"id":197,"href":"https:\/\/precisaoagrimensura.com.br\/index\/wp-json\/wp\/v2\/pages\/174\/revisions\/197"}],"wp:featuredmedia":[{"embeddable":true,"href":"https:\/\/precisaoagrimensura.com.br\/index\/wp-json\/wp\/v2\/media\/77"}],"wp:attachment":[{"href":"https:\/\/precisaoagrimensura.com.br\/index\/wp-json\/wp\/v2\/media?parent=174"}],"curies":[{"name":"wp","href":"https:\/\/api.w.org\/{rel}","templated":true}]}}