{"id":206,"date":"2017-06-19T14:07:03","date_gmt":"2017-06-19T17:07:03","guid":{"rendered":"http:\/\/precisaoagrimensura.com.br\/index\/?page_id=206"},"modified":"2017-06-19T14:09:36","modified_gmt":"2017-06-19T17:09:36","slug":"sobre-a-empresa","status":"publish","type":"page","link":"https:\/\/precisaoagrimensura.com.br\/index\/sobre-a-empresa\/","title":{"rendered":"Sobre a Empresa"},"content":{"rendered":"<h4><img loading=\"lazy\" decoding=\"async\" class=\"size-full wp-image-202 alignleft\" src=\"http:\/\/precisaoagrimensura.com.br\/index\/wp-content\/uploads\/2016\/01\/about-us-icon-30.png\" alt=\"\" width=\"387\" height=\"305\" srcset=\"https:\/\/precisaoagrimensura.com.br\/index\/wp-content\/uploads\/2016\/01\/about-us-icon-30.png 387w, https:\/\/precisaoagrimensura.com.br\/index\/wp-content\/uploads\/2016\/01\/about-us-icon-30-300x236.png 300w, https:\/\/precisaoagrimensura.com.br\/index\/wp-content\/uploads\/2016\/01\/about-us-icon-30-185x146.png 185w, https:\/\/precisaoagrimensura.com.br\/index\/wp-content\/uploads\/2016\/01\/about-us-icon-30-50x39.png 50w, https:\/\/precisaoagrimensura.com.br\/index\/wp-content\/uploads\/2016\/01\/about-us-icon-30-95x75.png 95w\" sizes=\"(max-width: 387px) 100vw, 387px\" \/>A PRECIS\u00c3O TOPOGRAFIA E AGRIMENSURA<br \/>\n\u00e9 uma empresa que est\u00e1 a 20 anos no mercado. Somos especializados em levantamentos topogr\u00e1ficos de terrenos em condom\u00ednio fechado, Loteamentos, \u00e1reas urbanas, etc. Tamb\u00e9m fazemos Georreferenciamento de \u00e1reas rurais. A capacidade dos nossos funcion\u00e1rios e a qualidade dos equipamentos e softwares de \u00faltima gera\u00e7\u00e3o utilizados em nossos servi\u00e7os permite \u00e0 empresa alto \u00edndice de precis\u00e3o e qualidade para nossos clientes. Consciente da permanente necessidade de investir em know how e equipamentos, nossa empresa mant\u00e9m seu departamento com funcion\u00e1rios de excelente forma\u00e7\u00e3o profissional, com constantes treinamentos nas \u00e1reas espec\u00edficas de topografia, agrimensura, projetos e \u00e1reas afins.<\/h4>\n","protected":false},"excerpt":{"rendered":"<p>A PRECIS\u00c3O TOPOGRAFIA E AGRIMENSURA \u00e9 uma empresa que est\u00e1 a 20 anos no mercado. Somos especializados em levantamentos topogr\u00e1ficos de terrenos em condom\u00ednio fechado, Loteamentos,<span class=\"excerpt-hellip\"> [\u2026]<\/span><\/p>\n","protected":false},"author":1,"featured_media":77,"parent":0,"menu_order":0,"comment_status":"closed","ping_status":"closed","template":"","meta":{"footnotes":""},"_links":{"self":[{"href":"https:\/\/precisaoagrimensura.com.br\/index\/wp-json\/wp\/v2\/pages\/206"}],"collection":[{"href":"https:\/\/precisaoagrimensura.com.br\/index\/wp-json\/wp\/v2\/pages"}],"about":[{"href":"https:\/\/precisaoagrimensura.com.br\/index\/wp-json\/wp\/v2\/types\/page"}],"author":[{"embeddable":true,"href":"https:\/\/precisaoagrimensura.com.br\/index\/wp-json\/wp\/v2\/users\/1"}],"replies":[{"embeddable":true,"href":"https:\/\/precisaoagrimensura.com.br\/index\/wp-json\/wp\/v2\/comments?post=206"}],"version-history":[{"count":5,"href":"https:\/\/precisaoagrimensura.com.br\/index\/wp-json\/wp\/v2\/pages\/206\/revisions"}],"predecessor-version":[{"id":211,"href":"https:\/\/precisaoagrimensura.com.br\/index\/wp-json\/wp\/v2\/pages\/206\/revisions\/211"}],"wp:featuredmedia":[{"embeddable":true,"href":"https:\/\/precisaoagrimensura.com.br\/index\/wp-json\/wp\/v2\/media\/77"}],"wp:attachment":[{"href":"https:\/\/precisaoagrimensura.com.br\/index\/wp-json\/wp\/v2\/media?parent=206"}],"curies":[{"name":"wp","href":"https:\/\/api.w.org\/{rel}","templated":true}]}}